{"id":3615,"date":"2019-07-31T10:58:37","date_gmt":"2019-07-31T08:58:37","guid":{"rendered":"https:\/\/www.kromidas.de\/validierung\/buecher\/"},"modified":"2021-05-17T09:52:19","modified_gmt":"2021-05-17T07:52:19","slug":"buecher","status":"publish","type":"page","link":"https:\/\/www.kromidas.de\/en\/validation\/buecher\/","title":{"rendered":"B\u00fccher"},"content":{"rendered":"[vc_row type=&#8221;in_container&#8221; full_screen_row_position=&#8221;middle&#8221; scene_position=&#8221;center&#8221; text_color=&#8221;dark&#8221; text_align=&#8221;left&#8221; overlay_strength=&#8221;0.3&#8243; shape_divider_position=&#8221;bottom&#8221; bg_image_animation=&#8221;none&#8221;][vc_column column_padding=&#8221;no-extra-padding&#8221; column_padding_position=&#8221;all&#8221; background_color_opacity=&#8221;1&#8243; background_hover_color_opacity=&#8221;1&#8243; column_link_target=&#8221;_self&#8221; column_shadow=&#8221;none&#8221; column_border_radius=&#8221;none&#8221; width=&#8221;1\/1&#8243; tablet_width_inherit=&#8221;default&#8221; tablet_text_alignment=&#8221;default&#8221; phone_text_alignment=&#8221;default&#8221; column_border_width=&#8221;none&#8221; column_border_style=&#8221;solid&#8221; bg_image_animation=&#8221;none&#8221;][vc_custom_heading text=&#8221;Publikationen in Deutsch&#8221; use_theme_fonts=&#8221;yes&#8221;][vc_custom_heading text=&#8221;In folgenden Publikationen wirkte ich als Autor, Herausgeber oder Mit-Herausgeber.&#8221; font_container=&#8221;tag:h4|text_align:left&#8221; use_theme_fonts=&#8221;yes&#8221;][vc_column_text]Tipp: Einige Buchbeitr\u00e4ge zu unten stehenden B\u00fcchern finden Sie \u00fcbrigens auch unter\u00a0<a href=\"http:\/\/www.kromidas.de\/publikationen\/artikel-diverses\/buchbeitraege\">Artikel\/Diverses &#8211; Buchbeitr\u00e4ge<\/a>\u00a0zum freien Download.[\/vc_column_text][\/vc_column][\/vc_row][vc_row type=&#8221;full_width_background&#8221; full_screen_row_position=&#8221;middle&#8221; scene_position=&#8221;center&#8221; text_color=&#8221;dark&#8221; text_align=&#8221;left&#8221; top_padding=&#8221;3%&#8221; bottom_padding=&#8221;3%&#8221; overlay_strength=&#8221;0.3&#8243; shape_divider_position=&#8221;bottom&#8221; bg_image_animation=&#8221;none&#8221; shape_type=&#8221;&#8221;][vc_column centered_text=&#8221;true&#8221; column_padding=&#8221;padding-4-percent&#8221; column_padding_position=&#8221;bottom&#8221; background_color_opacity=&#8221;1&#8243; background_hover_color_opacity=&#8221;1&#8243; column_link_target=&#8221;_self&#8221; column_shadow=&#8221;none&#8221; column_border_radius=&#8221;none&#8221; width=&#8221;1\/1&#8243; tablet_width_inherit=&#8221;default&#8221; tablet_text_alignment=&#8221;default&#8221; phone_text_alignment=&#8221;default&#8221; column_border_width=&#8221;none&#8221; column_border_style=&#8221;solid&#8221; bg_image_animation=&#8221;none&#8221;][vc_row_inner equal_height=&#8221;yes&#8221; content_placement=&#8221;middle&#8221; column_margin=&#8221;default&#8221; text_align=&#8221;left&#8221;][vc_column_inner column_padding=&#8221;padding-4-percent&#8221; column_padding_position=&#8221;all&#8221; background_color_opacity=&#8221;1&#8243; background_hover_color_opacity=&#8221;1&#8243; column_shadow=&#8221;none&#8221; column_border_radius=&#8221;none&#8221; column_link_target=&#8221;_self&#8221; width=&#8221;1\/3&#8243; tablet_width_inherit=&#8221;default&#8221; column_border_width=&#8221;2px&#8221; column_border_color=&#8221;#e2e2e2&#8243; column_border_style=&#8221;solid&#8221; enable_border_animation=&#8221;true&#8221; bg_image_animation=&#8221;none&#8221; border_animation_delay=&#8221;600&#8243;][image_with_animation image_url=&#8221;2570&#8243; alignment=&#8221;center&#8221; animation=&#8221;Fade In&#8221; border_radius=&#8221;none&#8221; box_shadow=&#8221;none&#8221; max_width=&#8221;100%&#8221;][\/vc_column_inner][vc_column_inner column_padding=&#8221;no-extra-padding&#8221; column_padding_position=&#8221;all&#8221; background_color_opacity=&#8221;1&#8243; background_hover_color_opacity=&#8221;1&#8243; column_shadow=&#8221;none&#8221; column_border_radius=&#8221;none&#8221; column_link_target=&#8221;_self&#8221; width=&#8221;1\/3&#8243; tablet_width_inherit=&#8221;default&#8221; column_border_width=&#8221;none&#8221; column_border_style=&#8221;solid&#8221; bg_image_animation=&#8221;none&#8221;][vc_custom_heading text=&#8221;Stavros Kromidas&#8221; font_container=&#8221;tag:p|text_align:left|color:%23878787&#8243; use_theme_fonts=&#8221;yes&#8221; css_animation=&#8221;none&#8221; css=&#8221;.vc_custom_1557483793343{margin-bottom: -15px !important;}&#8221;][vc_custom_heading text=&#8221;Validierung in der Analytik&#8221; font_container=&#8221;tag:p|font_size:17|text_align:left|color:%230a0a0a|line_height:20px&#8221; use_theme_fonts=&#8221;yes&#8221; css_animation=&#8221;none&#8221; css=&#8221;.vc_custom_1575551655004{margin-bottom: -15px !important;}&#8221;][vc_custom_heading text=&#8221;Wiley-VCH; Auflage: 2. \u00fcberarbeitete Auflage, ISBN 3527329390&#8243; font_container=&#8221;tag:p|text_align:left|color:%23878787&#8243; use_theme_fonts=&#8221;yes&#8221; css_animation=&#8221;none&#8221; css=&#8221;.vc_custom_1557483807174{margin-bottom: -15px !important;}&#8221;][nectar_btn size=&#8221;medium&#8221; open_new_tab=&#8221;true&#8221; button_style=&#8221;regular&#8221; button_color_2=&#8221;extra-color-gradient-2&#8243; icon_family=&#8221;none&#8221; text=&#8221;Inhaltsverzeichnis&#8221; margin_top=&#8221;0&#8243; url=&#8221;https:\/\/www.kromidas.de\/wp-content\/uploads\/sites\/2\/2019\/07\/inhaltsverzeichnis-validierung-analytik.pdf&#8221;][nectar_btn size=&#8221;medium&#8221; open_new_tab=&#8221;true&#8221; button_style=&#8221;regular&#8221; button_color_2=&#8221;extra-color-gradient-2&#8243; icon_family=&#8221;none&#8221; text=&#8221;Leseprobe&#8221; margin_top=&#8221;0&#8243; url=&#8221;https:\/\/www.kromidas.de\/hplc\/buecher\/leseprobe\/aus-validierung\/&#8221;][\/vc_column_inner][vc_column_inner column_padding=&#8221;no-extra-padding&#8221; column_padding_position=&#8221;all&#8221; background_color_opacity=&#8221;1&#8243; background_hover_color_opacity=&#8221;1&#8243; column_shadow=&#8221;none&#8221; column_border_radius=&#8221;none&#8221; column_link_target=&#8221;_self&#8221; width=&#8221;1\/3&#8243; tablet_width_inherit=&#8221;default&#8221; column_border_width=&#8221;none&#8221; column_border_style=&#8221;solid&#8221; bg_image_animation=&#8221;none&#8221;][nectar_btn size=&#8221;large&#8221; button_style=&#8221;regular&#8221; button_color_2=&#8221;Extra-Color-1&#8243; icon_family=&#8221;none&#8221; text=&#8221;Buch kaufen (Print)&#8221; margin_top=&#8221;20&#8243; url=&#8221;https:\/\/www.kromidas.de\/produkt\/validierung-in-der-analytik\/&#8221;][nectar_btn size=&#8221;large&#8221; open_new_tab=&#8221;true&#8221; button_style=&#8221;regular&#8221; button_color_2=&#8221;Extra-Color-1&#8243; icon_family=&#8221;none&#8221; text=&#8221;Buch kaufen (e-Book)&#8221; margin_top=&#8221;20&#8243; url=&#8221;https:\/\/www.wiley-vch.de\/de?option=com_eshop&amp;view=product&amp;isbn=9783527287482&amp;title=Validierung%20in%20der%20Analytik&#8221;][\/vc_column_inner][\/vc_row_inner][vc_row_inner equal_height=&#8221;yes&#8221; content_placement=&#8221;middle&#8221; column_margin=&#8221;default&#8221; text_align=&#8221;left&#8221;][vc_column_inner column_padding=&#8221;padding-4-percent&#8221; column_padding_position=&#8221;all&#8221; centered_text=&#8221;true&#8221; background_color_opacity=&#8221;1&#8243; background_hover_color_opacity=&#8221;1&#8243; column_shadow=&#8221;none&#8221; column_border_radius=&#8221;none&#8221; column_link_target=&#8221;_self&#8221; width=&#8221;1\/3&#8243; tablet_width_inherit=&#8221;default&#8221; column_border_width=&#8221;2px&#8221; column_border_color=&#8221;#e2e2e2&#8243; column_border_style=&#8221;solid&#8221; enable_border_animation=&#8221;true&#8221; bg_image_animation=&#8221;none&#8221; enable_animation=&#8221;true&#8221; animation=&#8221;fade-in&#8221;][image_with_animation image_url=&#8221;2573&#8243; alignment=&#8221;center&#8221; animation=&#8221;Fade In&#8221; border_radius=&#8221;none&#8221; box_shadow=&#8221;none&#8221; max_width=&#8221;100%&#8221;][\/vc_column_inner][vc_column_inner column_padding=&#8221;no-extra-padding&#8221; column_padding_position=&#8221;all&#8221; background_color_opacity=&#8221;1&#8243; background_hover_color_opacity=&#8221;1&#8243; column_shadow=&#8221;none&#8221; column_border_radius=&#8221;none&#8221; column_link_target=&#8221;_self&#8221; width=&#8221;1\/3&#8243; tablet_width_inherit=&#8221;default&#8221; column_border_width=&#8221;none&#8221; column_border_style=&#8221;solid&#8221; bg_image_animation=&#8221;none&#8221;][vc_custom_heading text=&#8221;Stavros Kromidas&#8221; font_container=&#8221;tag:p|text_align:left|color:%23878787&#8243; use_theme_fonts=&#8221;yes&#8221; css_animation=&#8221;none&#8221; css=&#8221;.vc_custom_1557482007073{margin-bottom: -15px !important;}&#8221;][vc_custom_heading text=&#8221;Handbuch Validierung in der Analytik&#8221; font_container=&#8221;tag:p|font_size:17|text_align:left|color:%230a0a0a|line_height:20px&#8221; use_theme_fonts=&#8221;yes&#8221; css_animation=&#8221;none&#8221; css=&#8221;.vc_custom_1557484037206{margin-bottom: -15px !important;}&#8221;][vc_custom_heading text=&#8221;Wiley-VCH, aktualisierte und stark erweiterte Auflage 2011, ISBN 3527329382&#8243; font_container=&#8221;tag:p|text_align:left|color:%23878787&#8243; use_theme_fonts=&#8221;yes&#8221; css_animation=&#8221;none&#8221; css=&#8221;.vc_custom_1557484046135{margin-bottom: -15px !important;}&#8221;][nectar_btn size=&#8221;medium&#8221; open_new_tab=&#8221;true&#8221; button_style=&#8221;regular&#8221; button_color_2=&#8221;extra-color-gradient-2&#8243; icon_family=&#8221;none&#8221; text=&#8221;Inhaltsverzeichnis&#8221; margin_top=&#8221;0&#8243; url=&#8221;https:\/\/www.kromidas.de\/wp-content\/uploads\/sites\/2\/2019\/07\/inhaltsverzeichnis-handbuch-validierung-analytik-min.pdf&#8221;][nectar_btn size=&#8221;medium&#8221; open_new_tab=&#8221;true&#8221; button_style=&#8221;regular&#8221; button_color_2=&#8221;extra-color-gradient-2&#8243; icon_family=&#8221;none&#8221; text=&#8221;Leseprobe&#8221; margin_top=&#8221;0&#8243; url=&#8221;https:\/\/www.kromidas.de\/hplc\/buecher\/leseprobe\/aus-handbuch-validierung\/&#8221;][\/vc_column_inner][vc_column_inner column_padding=&#8221;no-extra-padding&#8221; column_padding_position=&#8221;all&#8221; background_color_opacity=&#8221;1&#8243; background_hover_color_opacity=&#8221;1&#8243; column_shadow=&#8221;none&#8221; column_border_radius=&#8221;none&#8221; column_link_target=&#8221;_self&#8221; width=&#8221;1\/3&#8243; tablet_width_inherit=&#8221;default&#8221; column_border_width=&#8221;none&#8221; column_border_style=&#8221;solid&#8221; bg_image_animation=&#8221;none&#8221;][nectar_btn size=&#8221;large&#8221; button_style=&#8221;regular&#8221; button_color_2=&#8221;Extra-Color-1&#8243; icon_family=&#8221;none&#8221; text=&#8221;Buch kaufen (Print)&#8221; margin_top=&#8221;20&#8243; url=&#8221;https:\/\/www.kromidas.de\/produkt\/handbuch-validierung-in-der-analytik\/&#8221;][nectar_btn size=&#8221;large&#8221; open_new_tab=&#8221;true&#8221; button_style=&#8221;regular&#8221; button_color_2=&#8221;Extra-Color-1&#8243; icon_family=&#8221;none&#8221; text=&#8221;Buch kaufen (e-Book)&#8221; margin_top=&#8221;20&#8243; url=&#8221;https:\/\/www.wiley-vch.de\/de?option=com_eshop&amp;view=product&amp;isbn=9783527329380&amp;title=Handbuch%20Validierung%20in%20der%20Analytik&#8221;][\/vc_column_inner][\/vc_row_inner][vc_row_inner equal_height=&#8221;yes&#8221; content_placement=&#8221;middle&#8221; disable_element=&#8221;yes&#8221; column_margin=&#8221;default&#8221; text_align=&#8221;left&#8221;][vc_column_inner column_padding=&#8221;padding-4-percent&#8221; column_padding_position=&#8221;all&#8221; background_color_opacity=&#8221;1&#8243; background_hover_color_opacity=&#8221;1&#8243; column_shadow=&#8221;none&#8221; column_border_radius=&#8221;none&#8221; column_link_target=&#8221;_self&#8221; width=&#8221;1\/3&#8243; tablet_width_inherit=&#8221;default&#8221; column_border_width=&#8221;2px&#8221; column_border_color=&#8221;#e2e2e2&#8243; column_border_style=&#8221;solid&#8221; enable_border_animation=&#8221;true&#8221; bg_image_animation=&#8221;none&#8221; enable_animation=&#8221;true&#8221; animation=&#8221;fade-in&#8221; border_animation_delay=&#8221;600&#8243; delay=&#8221;600&#8243;][image_with_animation image_url=&#8221;2576&#8243; alignment=&#8221;center&#8221; animation=&#8221;Fade In&#8221; border_radius=&#8221;none&#8221; box_shadow=&#8221;none&#8221; max_width=&#8221;100%&#8221;][\/vc_column_inner][vc_column_inner column_padding=&#8221;no-extra-padding&#8221; column_padding_position=&#8221;all&#8221; background_color_opacity=&#8221;1&#8243; background_hover_color_opacity=&#8221;1&#8243; column_shadow=&#8221;none&#8221; column_border_radius=&#8221;none&#8221; column_link_target=&#8221;_self&#8221; width=&#8221;1\/3&#8243; tablet_width_inherit=&#8221;default&#8221; column_border_width=&#8221;none&#8221; column_border_style=&#8221;solid&#8221; bg_image_animation=&#8221;none&#8221;][vc_custom_heading text=&#8221;Stavros Kromidas und H.-J. Kuss (Hrsg.)&#8221; font_container=&#8221;tag:p|text_align:left|color:%23878787&#8243; use_theme_fonts=&#8221;yes&#8221; css_animation=&#8221;none&#8221; css=&#8221;.vc_custom_1557486195842{margin-bottom: -15px !important;}&#8221;][vc_custom_heading text=&#8221;Chromatogramme richtig integrieren und bewerten&#8221; font_container=&#8221;tag:p|font_size:17|text_align:left|color:%230a0a0a|line_height:20px&#8221; use_theme_fonts=&#8221;yes&#8221; css_animation=&#8221;none&#8221; css=&#8221;.vc_custom_1557486202169{margin-bottom: -15px !important;}&#8221;][vc_custom_heading text=&#8221;Wiley-VCH, 2008, ISBN 978-3-527-31774-5&#8243; font_container=&#8221;tag:p|text_align:left|color:%23878787&#8243; use_theme_fonts=&#8221;yes&#8221; css_animation=&#8221;none&#8221; css=&#8221;.vc_custom_1557486208410{margin-bottom: -15px !important;}&#8221;][nectar_btn size=&#8221;medium&#8221; open_new_tab=&#8221;true&#8221; button_style=&#8221;regular&#8221; button_color_2=&#8221;extra-color-gradient-2&#8243; icon_family=&#8221;none&#8221; text=&#8221;Inhaltsverzeichnis&#8221; margin_top=&#8221;0&#8243; url=&#8221;https:\/\/www.kromidas.de\/wp-content\/uploads\/sites\/2\/2019\/07\/lesezeichen-chromatogramme-integration-bewerten.pdf&#8221;][nectar_btn size=&#8221;medium&#8221; open_new_tab=&#8221;true&#8221; button_style=&#8221;regular&#8221; button_color_2=&#8221;extra-color-gradient-2&#8243; icon_family=&#8221;none&#8221; text=&#8221;Leseprobe&#8221; margin_top=&#8221;0&#8243; url=&#8221;https:\/\/www.kromidas.de\/wp-content\/uploads\/sites\/2\/2019\/07\/leseprobe-chromatogramme-integration-bewerten.pdf&#8221;][\/vc_column_inner][vc_column_inner column_padding=&#8221;no-extra-padding&#8221; column_padding_position=&#8221;all&#8221; background_color_opacity=&#8221;1&#8243; background_hover_color_opacity=&#8221;1&#8243; column_shadow=&#8221;none&#8221; column_border_radius=&#8221;none&#8221; column_link_target=&#8221;_self&#8221; width=&#8221;1\/3&#8243; tablet_width_inherit=&#8221;default&#8221; column_border_width=&#8221;none&#8221; column_border_style=&#8221;solid&#8221; bg_image_animation=&#8221;none&#8221;][nectar_btn size=&#8221;large&#8221; button_style=&#8221;regular&#8221; button_color_2=&#8221;Extra-Color-1&#8243; icon_family=&#8221;none&#8221; text=&#8221;Buch kaufen (Print)&#8221; margin_top=&#8221;20&#8243;][nectar_btn size=&#8221;large&#8221; open_new_tab=&#8221;true&#8221; button_style=&#8221;regular&#8221; button_color_2=&#8221;Extra-Color-1&#8243; icon_family=&#8221;none&#8221; text=&#8221;Buch kaufen (e-Book)&#8221; margin_top=&#8221;20&#8243; url=&#8221;https:\/\/www.wiley-vch.de\/de?option=com_eshop&amp;view=product&amp;isbn=9783527317745&amp;title=Chromatogramme%20richtig%20integrieren%20und%20bewerten&#8221;][\/vc_column_inner][\/vc_row_inner][\/vc_column][\/vc_row]\n","protected":false},"excerpt":{"rendered":"<p>[vc_row type=&#8221;in_container&#8221; full_screen_row_position=&#8221;middle&#8221; scene_position=&#8221;center&#8221; text_color=&#8221;dark&#8221; text_align=&#8221;left&#8221; overlay_strength=&#8221;0.3&#8243; shape_divider_position=&#8221;bottom&#8221; bg_image_animation=&#8221;none&#8221;][vc_column column_padding=&#8221;no-extra-padding&#8221; column_padding_position=&#8221;all&#8221; background_color_opacity=&#8221;1&#8243; background_hover_color_opacity=&#8221;1&#8243; column_link_target=&#8221;_self&#8221; column_shadow=&#8221;none&#8221; column_border_radius=&#8221;none&#8221; width=&#8221;1\/1&#8243; tablet_width_inherit=&#8221;default&#8221; tablet_text_alignment=&#8221;default&#8221; phone_text_alignment=&#8221;default&#8221; column_border_width=&#8221;none&#8221; column_border_style=&#8221;solid&#8221; bg_image_animation=&#8221;none&#8221;][vc_custom_heading text=&#8221;Publikationen in Deutsch&#8221; use_theme_fonts=&#8221;yes&#8221;][vc_custom_heading text=&#8221;In folgenden Publikationen&#8230;<\/p>\n","protected":false},"author":1,"featured_media":0,"parent":99,"menu_order":9,"comment_status":"closed","ping_status":"closed","template":"","meta":{"footnotes":""},"class_list":["post-3615","page","type-page","status-publish"],"yoast_head":"<!-- This site is optimized with the Yoast SEO plugin v18.0 - https:\/\/yoast.com\/wordpress\/plugins\/seo\/ -->\n<title>B\u00fccher - Dr. Stavros Kromidas<\/title>\n<meta name=\"robots\" content=\"index, follow, max-snippet:-1, max-image-preview:large, max-video-preview:-1\" \/>\n<link rel=\"canonical\" href=\"https:\/\/www.kromidas.de\/en\/validation\/buecher\/\" \/>\n<meta property=\"og:locale\" content=\"en_US\" \/>\n<meta property=\"og:type\" content=\"article\" \/>\n<meta property=\"og:title\" content=\"B\u00fccher - Dr. Stavros Kromidas\" \/>\n<meta property=\"og:description\" content=\"[vc_row type=&#8221;in_container&#8221; full_screen_row_position=&#8221;middle&#8221; scene_position=&#8221;center&#8221; text_color=&#8221;dark&#8221; text_align=&#8221;left&#8221; overlay_strength=&#8221;0.3&#8243; shape_divider_position=&#8221;bottom&#8221; bg_image_animation=&#8221;none&#8221;][vc_column column_padding=&#8221;no-extra-padding&#8221; column_padding_position=&#8221;all&#8221; background_color_opacity=&#8221;1&#8243; background_hover_color_opacity=&#8221;1&#8243; column_link_target=&#8221;_self&#8221; column_shadow=&#8221;none&#8221; column_border_radius=&#8221;none&#8221; width=&#8221;1\/1&#8243; tablet_width_inherit=&#8221;default&#8221; tablet_text_alignment=&#8221;default&#8221; phone_text_alignment=&#8221;default&#8221; column_border_width=&#8221;none&#8221; column_border_style=&#8221;solid&#8221; bg_image_animation=&#8221;none&#8221;][vc_custom_heading text=&#8221;Publikationen in Deutsch&#8221; use_theme_fonts=&#8221;yes&#8221;][vc_custom_heading text=&#8221;In folgenden Publikationen...\" \/>\n<meta property=\"og:url\" content=\"https:\/\/www.kromidas.de\/en\/validation\/buecher\/\" \/>\n<meta property=\"og:site_name\" content=\"Dr. Stavros Kromidas\" \/>\n<meta property=\"article:modified_time\" content=\"2021-05-17T07:52:19+00:00\" \/>\n<meta name=\"twitter:card\" content=\"summary_large_image\" \/>\n<meta name=\"twitter:label1\" content=\"Est. reading time\" \/>\n\t<meta name=\"twitter:data1\" content=\"8 minutes\" \/>\n<script type=\"application\/ld+json\" class=\"yoast-schema-graph\">{\"@context\":\"https:\/\/schema.org\",\"@graph\":[{\"@type\":\"WebSite\",\"@id\":\"https:\/\/www.kromidas.de\/en\/#website\",\"url\":\"https:\/\/www.kromidas.de\/en\/\",\"name\":\"Dr. Stavros Kromidas\",\"description\":\"\",\"potentialAction\":[{\"@type\":\"SearchAction\",\"target\":{\"@type\":\"EntryPoint\",\"urlTemplate\":\"https:\/\/www.kromidas.de\/en\/?s={search_term_string}\"},\"query-input\":\"required name=search_term_string\"}],\"inLanguage\":\"en-US\"},{\"@type\":\"WebPage\",\"@id\":\"https:\/\/www.kromidas.de\/en\/validation\/buecher\/#webpage\",\"url\":\"https:\/\/www.kromidas.de\/en\/validation\/buecher\/\",\"name\":\"B\u00fccher - Dr. Stavros Kromidas\",\"isPartOf\":{\"@id\":\"https:\/\/www.kromidas.de\/en\/#website\"},\"datePublished\":\"2019-07-31T08:58:37+00:00\",\"dateModified\":\"2021-05-17T07:52:19+00:00\",\"breadcrumb\":{\"@id\":\"https:\/\/www.kromidas.de\/en\/validation\/buecher\/#breadcrumb\"},\"inLanguage\":\"en-US\",\"potentialAction\":[{\"@type\":\"ReadAction\",\"target\":[\"https:\/\/www.kromidas.de\/en\/validation\/buecher\/\"]}]},{\"@type\":\"BreadcrumbList\",\"@id\":\"https:\/\/www.kromidas.de\/en\/validation\/buecher\/#breadcrumb\",\"itemListElement\":[{\"@type\":\"ListItem\",\"position\":1,\"name\":\"Validation\",\"item\":\"https:\/\/www.kromidas.de\/en\/validation\/\"},{\"@type\":\"ListItem\",\"position\":2,\"name\":\"B\u00fccher\"}]}]}<\/script>\n<!-- \/ Yoast SEO plugin. -->","yoast_head_json":{"title":"B\u00fccher - Dr. Stavros Kromidas","robots":{"index":"index","follow":"follow","max-snippet":"max-snippet:-1","max-image-preview":"max-image-preview:large","max-video-preview":"max-video-preview:-1"},"canonical":"https:\/\/www.kromidas.de\/en\/validation\/buecher\/","og_locale":"en_US","og_type":"article","og_title":"B\u00fccher - Dr. Stavros Kromidas","og_description":"[vc_row type=&#8221;in_container&#8221; full_screen_row_position=&#8221;middle&#8221; scene_position=&#8221;center&#8221; text_color=&#8221;dark&#8221; text_align=&#8221;left&#8221; overlay_strength=&#8221;0.3&#8243; shape_divider_position=&#8221;bottom&#8221; bg_image_animation=&#8221;none&#8221;][vc_column column_padding=&#8221;no-extra-padding&#8221; column_padding_position=&#8221;all&#8221; background_color_opacity=&#8221;1&#8243; background_hover_color_opacity=&#8221;1&#8243; column_link_target=&#8221;_self&#8221; column_shadow=&#8221;none&#8221; column_border_radius=&#8221;none&#8221; width=&#8221;1\/1&#8243; tablet_width_inherit=&#8221;default&#8221; tablet_text_alignment=&#8221;default&#8221; phone_text_alignment=&#8221;default&#8221; column_border_width=&#8221;none&#8221; column_border_style=&#8221;solid&#8221; bg_image_animation=&#8221;none&#8221;][vc_custom_heading text=&#8221;Publikationen in Deutsch&#8221; use_theme_fonts=&#8221;yes&#8221;][vc_custom_heading text=&#8221;In folgenden Publikationen...","og_url":"https:\/\/www.kromidas.de\/en\/validation\/buecher\/","og_site_name":"Dr. Stavros Kromidas","article_modified_time":"2021-05-17T07:52:19+00:00","twitter_card":"summary_large_image","twitter_misc":{"Est. reading time":"8 minutes"},"schema":{"@context":"https:\/\/schema.org","@graph":[{"@type":"WebSite","@id":"https:\/\/www.kromidas.de\/en\/#website","url":"https:\/\/www.kromidas.de\/en\/","name":"Dr. Stavros Kromidas","description":"","potentialAction":[{"@type":"SearchAction","target":{"@type":"EntryPoint","urlTemplate":"https:\/\/www.kromidas.de\/en\/?s={search_term_string}"},"query-input":"required name=search_term_string"}],"inLanguage":"en-US"},{"@type":"WebPage","@id":"https:\/\/www.kromidas.de\/en\/validation\/buecher\/#webpage","url":"https:\/\/www.kromidas.de\/en\/validation\/buecher\/","name":"B\u00fccher - Dr. Stavros Kromidas","isPartOf":{"@id":"https:\/\/www.kromidas.de\/en\/#website"},"datePublished":"2019-07-31T08:58:37+00:00","dateModified":"2021-05-17T07:52:19+00:00","breadcrumb":{"@id":"https:\/\/www.kromidas.de\/en\/validation\/buecher\/#breadcrumb"},"inLanguage":"en-US","potentialAction":[{"@type":"ReadAction","target":["https:\/\/www.kromidas.de\/en\/validation\/buecher\/"]}]},{"@type":"BreadcrumbList","@id":"https:\/\/www.kromidas.de\/en\/validation\/buecher\/#breadcrumb","itemListElement":[{"@type":"ListItem","position":1,"name":"Validation","item":"https:\/\/www.kromidas.de\/en\/validation\/"},{"@type":"ListItem","position":2,"name":"B\u00fccher"}]}]}},"_links":{"self":[{"href":"https:\/\/www.kromidas.de\/en\/wp-json\/wp\/v2\/pages\/3615","targetHints":{"allow":["GET"]}}],"collection":[{"href":"https:\/\/www.kromidas.de\/en\/wp-json\/wp\/v2\/pages"}],"about":[{"href":"https:\/\/www.kromidas.de\/en\/wp-json\/wp\/v2\/types\/page"}],"author":[{"embeddable":true,"href":"https:\/\/www.kromidas.de\/en\/wp-json\/wp\/v2\/users\/1"}],"replies":[{"embeddable":true,"href":"https:\/\/www.kromidas.de\/en\/wp-json\/wp\/v2\/comments?post=3615"}],"version-history":[{"count":5,"href":"https:\/\/www.kromidas.de\/en\/wp-json\/wp\/v2\/pages\/3615\/revisions"}],"predecessor-version":[{"id":4065,"href":"https:\/\/www.kromidas.de\/en\/wp-json\/wp\/v2\/pages\/3615\/revisions\/4065"}],"up":[{"embeddable":true,"href":"https:\/\/www.kromidas.de\/en\/wp-json\/wp\/v2\/pages\/99"}],"wp:attachment":[{"href":"https:\/\/www.kromidas.de\/en\/wp-json\/wp\/v2\/media?parent=3615"}],"curies":[{"name":"wp","href":"https:\/\/api.w.org\/{rel}","templated":true}]}}