{"id":3976,"date":"2019-11-26T13:17:05","date_gmt":"2019-11-26T12:17:05","guid":{"rendered":"https:\/\/www.kromidas.de\/validierung\/nuetzliches\/kompakte-informationen\/ueberpruefung-der-robustheit\/"},"modified":"2021-02-12T11:41:22","modified_gmt":"2021-02-12T10:41:22","slug":"ueberpruefung-der-robustheit","status":"publish","type":"page","link":"https:\/\/www.kromidas.de\/en\/validation\/useful\/compact-information\/ueberpruefung-der-robustheit\/","title":{"rendered":"\u00dcberpr\u00fcfung der Robustheit"},"content":{"rendered":"[vc_row type=&#8221;full_width_background&#8221; full_screen_row_position=&#8221;middle&#8221; column_margin=&#8221;default&#8221; scene_position=&#8221;center&#8221; text_color=&#8221;dark&#8221; text_align=&#8221;left&#8221; bottom_padding=&#8221;5%&#8221; overlay_strength=&#8221;0.3&#8243; shape_divider_position=&#8221;bottom&#8221; bg_image_animation=&#8221;none&#8221; shape_type=&#8221;&#8221;][vc_column column_padding=&#8221;no-extra-padding&#8221; column_padding_position=&#8221;all&#8221; background_color_opacity=&#8221;1&#8243; background_hover_color_opacity=&#8221;1&#8243; column_link_target=&#8221;_self&#8221; column_shadow=&#8221;none&#8221; column_border_radius=&#8221;none&#8221; width=&#8221;1\/1&#8243; tablet_width_inherit=&#8221;default&#8221; tablet_text_alignment=&#8221;default&#8221; phone_text_alignment=&#8221;default&#8221; overlay_strength=&#8221;0.3&#8243; column_border_width=&#8221;none&#8221; column_border_style=&#8221;solid&#8221; bg_image_animation=&#8221;none&#8221;][vc_column_text]\n<h2>\u00dcberpr\u00fcfung der Robustheit<\/h2>\n[\/vc_column_text][vc_column_text]Die \u00dcberpr\u00fcfung der Robustheit ist ein recht individueller Pr\u00fcfpunkt im Rahmen der Validierung. Sie finden hier eine Tabelle zur Robustheits\u00fcberpr\u00fcfung aus dem Buch &#8220;Handbuch Validierung in der Analytik&#8221;. Diese Tabelle enth\u00e4lt Pr\u00fcfpunkte, die abh\u00e4ngig von der Matrix, der Methode, dem &#8220;Know how&#8221; der sp\u00e4teren Anwender usw. in Frage kommen. Wichtige Bemerkung: Nur die individuelle Situation und die konkreten Anforderungen k\u00f6nnen letzten Endes entscheiden, welcher Parameter sinnvollerweise\/notwendigerweise zu \u00fcberpr\u00fcfen w\u00e4ren!<\/p>\n<p>Diese Tabelle (<a href=\"https:\/\/www.kromidas.de\/wp-content\/uploads\/sites\/2\/2019\/11\/ueberpruefung-der-robustheit.pdf\" target=\"_blank\" rel=\"noopener noreferrer\">pdf-Download<\/a>) gilt als Beispiel einer Maximalforderung;\u00a0<strong>d<\/strong><strong>ie Auswahl der kritischen Parameter ist abh\u00e4ngig von der Methode individuell festzulegen !<\/strong>[\/vc_column_text][vc_column_text]\n<table class=\"robustheit\">\n<tbody>\n<tr>\n<td>Probenvorbereitung:<\/td>\n<td>Extraktionszeit, <a href=\"https:\/\/www.kromidas.de\/wp-content\/uploads\/sites\/2\/2020\/02\/img-ultraschallzeit.png\" target=\"_blank\" rel=\"noopener noreferrer\">Ultraschallzeit <\/a>(sowie Geometrie des U-Bades, Wassermenge, Temperatur usw.), Dauer und Art des Aufl\u00f6sens der Probe (Sch\u00fcttelautomat bzw. manuell), Peakfl\u00e4che und -form abh\u00e4ngig von der Konstitution und dem pH-Wert der Probel\u00f6sung, Substanzverlust abh\u00e4ngig vom Filtermaterial, Glasbeschaffenheit, R\u00fchrer, W\u00e4geh\u00fctchen, Inhomogenit\u00e4t der Probe (Matrix-Einfluss, Beschichtung Lack usw.), Lichtempfindlichkeit<\/td>\n<\/tr>\n<tr>\n<td>Verschleppung:<\/td>\n<td>Einfluss der Septen (Material, Aufbau), des Materials der Injektionsnadel, der Purgefl\u00fcssigkeit, der Kapillaren auf Verschleppung\/Memoryeffekte; Fl\u00e4che(n) mit und ohne S\u00e4ule vergleichen (irreversible Sorption?), Probenl\u00f6sung mit\/ohne Placebo\/Matrix injizieren (Geisterpeaks?)<\/td>\n<\/tr>\n<tr>\n<td>Flussrate:<\/td>\n<td>\u00b11-2% und Einfluss auf Peakh\u00f6he, -fl\u00e4che \u2013form und Retentionszeit testen (Unterschied Isokrat\/Gradient!)<\/td>\n<\/tr>\n<tr>\n<td>Gradient:<\/td>\n<td>Verweilvolumen, Design und Volumen der Mischkammer, Mischungsqualit\u00e4t ist abh\u00e4ngig a) von der Viskosit\u00e4t der Eluenten A und B, b) von der Steilheit; Verbesserung der Basislinie etc. falls vorgemischt wird (wichtig!)?<\/td>\n<\/tr>\n<tr>\n<td>Eluent:<\/td>\n<td>\n<ul>\n<li>Normal-Phase: \u00b1 20-30 ppm H<sub>2<\/sub>O im Eluent<\/li>\n<li>RP: 1-2% organischer Anteil absolut, z. B. bei einem 60\/40 Wasser \/ Acetonitril-Eluenten 61\/39 und 59\/41 testen.<\/li>\n<li>ionische Komponenten: \u00b10,1 pH-Wert, \u00b15 mMol Puffer bzw. \u00b15% Ionenpaarreagenz\/sonstige Modifier.<\/li>\n<li><a href=\"https:\/\/www.kromidas.de\/wp-content\/uploads\/sites\/2\/2020\/02\/trockenes-nasses-behaeltnis.png\" target=\"_blank\" rel=\"noopener noreferrer\">Trockenes vs. &#8220;nassem&#8221; Beh\u00e4ltnis<\/a> (Restl\u00f6sungsmittel an der Wand!)<\/li>\n<\/ul>\n<\/td>\n<\/tr>\n<tr>\n<td>Temperatur:<\/td>\n<td>\u00b11\u00b0C\u2013 aber auch: Nur \u201elinks\u201c oder auch \u201erechts\u201c eingestellt? Einfluss der Geometrie\/des Prinzips (<a href=\"https:\/\/www.kromidas.de\/wp-content\/uploads\/sites\/2\/2020\/02\/umluft-aluminiumblock.png\" target=\"_blank\" rel=\"noopener noreferrer\">Umluft\/Aluminiumblock<\/a>)?<\/td>\n<\/tr>\n<tr>\n<td>S\u00e4ule:<\/td>\n<td>Charge, Art des \u201eEinfahrens\u201c bei neuen\/gebrauchten S\u00e4ulen (mit was, Volumen?), S\u00e4ulenstabilit\u00e4t<\/td>\n<\/tr>\n<tr>\n<td>Detektion:<\/td>\n<td>Beispiel UV: \u03bb \u00b1 2 nm, Zeitkonstante \u00b1 0,1 sec, <a href=\"https:\/\/www.kromidas.de\/wp-content\/uploads\/sites\/2\/2020\/02\/bandbreite.png\" target=\"_blank\" rel=\"noopener noreferrer\">Bandbreite (\u201eBandwidth\u201c)<\/a> <a href=\"https:\/\/www.kromidas.de\/wp-content\/uploads\/sites\/2\/2020\/02\/spaltbreite.png\" target=\"_blank\" rel=\"noopener noreferrer\">Spaltbreite (\u201eSlit\u201c)<\/a> und Referenzwellenl\u00e4nge beim Dioden-Array\u00a0<sup>(1)<\/sup><\/td>\n<\/tr>\n<tr>\n<td>Datenauswertung:<\/td>\n<td>Datenrateaufnahme (\u201eSample Rate\u201c) \u00b1 2 \u2013 4 Daten\/sec, Threshold-Wert, manuelle\/automatische Integration\u00a0<sup>(1)<\/sup><\/td>\n<\/tr>\n<\/tbody>\n<\/table>\n<p><sup>(1)<\/sup>: Einfluss auf den Wert selbst \u2013 z. B. Peakfl\u00e4che \u2013 aber auch auf den Vk \u2013 relevant vor allem bei fr\u00fch eluierenden, schmalen, kleinen Peaks![\/vc_column_text][\/vc_column][\/vc_row][vc_row type=&#8221;full_width_background&#8221; full_screen_row_position=&#8221;middle&#8221; equal_height=&#8221;yes&#8221; content_placement=&#8221;middle&#8221; column_margin=&#8221;default&#8221; bg_color=&#8221;#ee9d34&#8243; scene_position=&#8221;center&#8221; text_color=&#8221;light&#8221; text_align=&#8221;left&#8221; top_padding=&#8221;40&#8243; bottom_padding=&#8221;40&#8243; overlay_strength=&#8221;0.3&#8243; shape_divider_position=&#8221;bottom&#8221; bg_image_animation=&#8221;none&#8221; shape_type=&#8221;&#8221;][vc_column column_padding=&#8221;no-extra-padding&#8221; column_padding_position=&#8221;all&#8221; background_color_opacity=&#8221;1&#8243; background_hover_color_opacity=&#8221;1&#8243; column_link_target=&#8221;_self&#8221; column_shadow=&#8221;none&#8221; column_border_radius=&#8221;none&#8221; width=&#8221;1\/2&#8243; tablet_width_inherit=&#8221;default&#8221; tablet_text_alignment=&#8221;center&#8221; phone_text_alignment=&#8221;center&#8221; overlay_strength=&#8221;0.3&#8243; column_border_width=&#8221;none&#8221; column_border_style=&#8221;solid&#8221; bg_image_animation=&#8221;none&#8221;][vc_custom_heading text=&#8221;Interesse an Pakete?&#8221; font_container=&#8221;tag:h3|font_size:52|text_align:left|line_height:56px&#8221; google_fonts=&#8221;font_family:Roboto%20Condensed%3A300%2C300italic%2Cregular%2Citalic%2C700%2C700italic|font_style:700%20bold%20regular%3A700%3Anormal&#8221; css=&#8221;.vc_custom_1567417573936{padding-left: 25px !important;}&#8221;][\/vc_column][vc_column column_padding=&#8221;no-extra-padding&#8221; column_padding_position=&#8221;all&#8221; background_color_opacity=&#8221;1&#8243; background_hover_color_opacity=&#8221;1&#8243; column_link_target=&#8221;_self&#8221; column_shadow=&#8221;none&#8221; column_border_radius=&#8221;none&#8221; width=&#8221;1\/2&#8243; tablet_width_inherit=&#8221;default&#8221; tablet_text_alignment=&#8221;center&#8221; phone_text_alignment=&#8221;center&#8221; overlay_strength=&#8221;0.3&#8243; column_border_width=&#8221;none&#8221; column_border_style=&#8221;solid&#8221; bg_image_animation=&#8221;none&#8221;][vc_row_inner column_margin=&#8221;default&#8221; text_align=&#8221;right&#8221; css=&#8221;.vc_custom_1550215597768{padding-right: 25px !important;}&#8221;][vc_column_inner column_padding=&#8221;no-extra-padding&#8221; column_padding_position=&#8221;all&#8221; background_color_opacity=&#8221;1&#8243; background_hover_color_opacity=&#8221;1&#8243; column_shadow=&#8221;none&#8221; column_border_radius=&#8221;none&#8221; column_link_target=&#8221;_self&#8221; width=&#8221;1\/1&#8243; tablet_width_inherit=&#8221;default&#8221; overlay_strength=&#8221;0.3&#8243; column_border_width=&#8221;none&#8221; column_border_style=&#8221;solid&#8221; bg_image_animation=&#8221;none&#8221;][nectar_btn size=&#8221;large&#8221; button_style=&#8221;see-through-3d&#8221; color_override=&#8221;#ffffff&#8221; url=&#8221;\/product\/saeulen\/&#8221; text=&#8221;Paket \u201eS\u00e4ulen\u201c&#8221;][\/vc_column_inner][\/vc_row_inner][\/vc_column][\/vc_row]\n","protected":false},"excerpt":{"rendered":"<p>[vc_row type=&#8221;full_width_background&#8221; full_screen_row_position=&#8221;middle&#8221; column_margin=&#8221;default&#8221; scene_position=&#8221;center&#8221; text_color=&#8221;dark&#8221; text_align=&#8221;left&#8221; bottom_padding=&#8221;5%&#8221; overlay_strength=&#8221;0.3&#8243; shape_divider_position=&#8221;bottom&#8221; bg_image_animation=&#8221;none&#8221; shape_type=&#8221;&#8221;][vc_column column_padding=&#8221;no-extra-padding&#8221; column_padding_position=&#8221;all&#8221; background_color_opacity=&#8221;1&#8243; background_hover_color_opacity=&#8221;1&#8243; column_link_target=&#8221;_self&#8221; column_shadow=&#8221;none&#8221; column_border_radius=&#8221;none&#8221; width=&#8221;1\/1&#8243; tablet_width_inherit=&#8221;default&#8221; tablet_text_alignment=&#8221;default&#8221; phone_text_alignment=&#8221;default&#8221; overlay_strength=&#8221;0.3&#8243; column_border_width=&#8221;none&#8221; column_border_style=&#8221;solid&#8221; bg_image_animation=&#8221;none&#8221;][vc_column_text] \u00dcberpr\u00fcfung der Robustheit&#8230;<\/p>\n","protected":false},"author":1,"featured_media":0,"parent":3963,"menu_order":1,"comment_status":"closed","ping_status":"closed","template":"","meta":{"footnotes":""},"class_list":["post-3976","page","type-page","status-publish"],"yoast_head":"<!-- This site is optimized with the Yoast SEO plugin v18.0 - https:\/\/yoast.com\/wordpress\/plugins\/seo\/ -->\n<title>\u00dcberpr\u00fcfung der Robustheit - Dr. Stavros Kromidas<\/title>\n<meta name=\"robots\" content=\"index, follow, max-snippet:-1, max-image-preview:large, max-video-preview:-1\" \/>\n<link rel=\"canonical\" href=\"https:\/\/www.kromidas.de\/en\/validation\/useful\/compact-information\/ueberpruefung-der-robustheit\/\" \/>\n<meta property=\"og:locale\" content=\"en_US\" \/>\n<meta property=\"og:type\" content=\"article\" \/>\n<meta property=\"og:title\" content=\"\u00dcberpr\u00fcfung der Robustheit - Dr. Stavros Kromidas\" \/>\n<meta property=\"og:description\" content=\"[vc_row type=&#8221;full_width_background&#8221; full_screen_row_position=&#8221;middle&#8221; column_margin=&#8221;default&#8221; scene_position=&#8221;center&#8221; text_color=&#8221;dark&#8221; text_align=&#8221;left&#8221; bottom_padding=&#8221;5%&#8221; overlay_strength=&#8221;0.3&#8243; shape_divider_position=&#8221;bottom&#8221; bg_image_animation=&#8221;none&#8221; shape_type=&#8221;&#8221;][vc_column column_padding=&#8221;no-extra-padding&#8221; column_padding_position=&#8221;all&#8221; background_color_opacity=&#8221;1&#8243; background_hover_color_opacity=&#8221;1&#8243; column_link_target=&#8221;_self&#8221; column_shadow=&#8221;none&#8221; column_border_radius=&#8221;none&#8221; width=&#8221;1\/1&#8243; tablet_width_inherit=&#8221;default&#8221; tablet_text_alignment=&#8221;default&#8221; phone_text_alignment=&#8221;default&#8221; overlay_strength=&#8221;0.3&#8243; column_border_width=&#8221;none&#8221; column_border_style=&#8221;solid&#8221; bg_image_animation=&#8221;none&#8221;][vc_column_text] \u00dcberpr\u00fcfung der Robustheit...\" \/>\n<meta property=\"og:url\" content=\"https:\/\/www.kromidas.de\/en\/validation\/useful\/compact-information\/ueberpruefung-der-robustheit\/\" \/>\n<meta property=\"og:site_name\" content=\"Dr. Stavros Kromidas\" \/>\n<meta property=\"article:modified_time\" content=\"2021-02-12T10:41:22+00:00\" \/>\n<meta name=\"twitter:card\" content=\"summary_large_image\" \/>\n<meta name=\"twitter:label1\" content=\"Est. reading time\" \/>\n\t<meta name=\"twitter:data1\" content=\"4 minutes\" \/>\n<script type=\"application\/ld+json\" class=\"yoast-schema-graph\">{\"@context\":\"https:\/\/schema.org\",\"@graph\":[{\"@type\":\"WebSite\",\"@id\":\"https:\/\/www.kromidas.de\/en\/#website\",\"url\":\"https:\/\/www.kromidas.de\/en\/\",\"name\":\"Dr. Stavros Kromidas\",\"description\":\"\",\"potentialAction\":[{\"@type\":\"SearchAction\",\"target\":{\"@type\":\"EntryPoint\",\"urlTemplate\":\"https:\/\/www.kromidas.de\/en\/?s={search_term_string}\"},\"query-input\":\"required name=search_term_string\"}],\"inLanguage\":\"en-US\"},{\"@type\":\"WebPage\",\"@id\":\"https:\/\/www.kromidas.de\/en\/validation\/useful\/compact-information\/ueberpruefung-der-robustheit\/#webpage\",\"url\":\"https:\/\/www.kromidas.de\/en\/validation\/useful\/compact-information\/ueberpruefung-der-robustheit\/\",\"name\":\"\u00dcberpr\u00fcfung der Robustheit - Dr. Stavros Kromidas\",\"isPartOf\":{\"@id\":\"https:\/\/www.kromidas.de\/en\/#website\"},\"datePublished\":\"2019-11-26T12:17:05+00:00\",\"dateModified\":\"2021-02-12T10:41:22+00:00\",\"breadcrumb\":{\"@id\":\"https:\/\/www.kromidas.de\/en\/validation\/useful\/compact-information\/ueberpruefung-der-robustheit\/#breadcrumb\"},\"inLanguage\":\"en-US\",\"potentialAction\":[{\"@type\":\"ReadAction\",\"target\":[\"https:\/\/www.kromidas.de\/en\/validation\/useful\/compact-information\/ueberpruefung-der-robustheit\/\"]}]},{\"@type\":\"BreadcrumbList\",\"@id\":\"https:\/\/www.kromidas.de\/en\/validation\/useful\/compact-information\/ueberpruefung-der-robustheit\/#breadcrumb\",\"itemListElement\":[{\"@type\":\"ListItem\",\"position\":1,\"name\":\"Validation\",\"item\":\"https:\/\/www.kromidas.de\/en\/validation\/\"},{\"@type\":\"ListItem\",\"position\":2,\"name\":\"Useful\",\"item\":\"https:\/\/www.kromidas.de\/en\/?page_id=2298\"},{\"@type\":\"ListItem\",\"position\":3,\"name\":\"Compact information\",\"item\":\"https:\/\/www.kromidas.de\/en\/?page_id=3963\"},{\"@type\":\"ListItem\",\"position\":4,\"name\":\"\u00dcberpr\u00fcfung der Robustheit\"}]}]}<\/script>\n<!-- \/ Yoast SEO plugin. -->","yoast_head_json":{"title":"\u00dcberpr\u00fcfung der Robustheit - Dr. Stavros Kromidas","robots":{"index":"index","follow":"follow","max-snippet":"max-snippet:-1","max-image-preview":"max-image-preview:large","max-video-preview":"max-video-preview:-1"},"canonical":"https:\/\/www.kromidas.de\/en\/validation\/useful\/compact-information\/ueberpruefung-der-robustheit\/","og_locale":"en_US","og_type":"article","og_title":"\u00dcberpr\u00fcfung der Robustheit - Dr. Stavros Kromidas","og_description":"[vc_row type=&#8221;full_width_background&#8221; full_screen_row_position=&#8221;middle&#8221; column_margin=&#8221;default&#8221; scene_position=&#8221;center&#8221; text_color=&#8221;dark&#8221; text_align=&#8221;left&#8221; bottom_padding=&#8221;5%&#8221; overlay_strength=&#8221;0.3&#8243; shape_divider_position=&#8221;bottom&#8221; bg_image_animation=&#8221;none&#8221; shape_type=&#8221;&#8221;][vc_column column_padding=&#8221;no-extra-padding&#8221; column_padding_position=&#8221;all&#8221; background_color_opacity=&#8221;1&#8243; background_hover_color_opacity=&#8221;1&#8243; column_link_target=&#8221;_self&#8221; column_shadow=&#8221;none&#8221; column_border_radius=&#8221;none&#8221; width=&#8221;1\/1&#8243; tablet_width_inherit=&#8221;default&#8221; tablet_text_alignment=&#8221;default&#8221; phone_text_alignment=&#8221;default&#8221; overlay_strength=&#8221;0.3&#8243; column_border_width=&#8221;none&#8221; column_border_style=&#8221;solid&#8221; bg_image_animation=&#8221;none&#8221;][vc_column_text] \u00dcberpr\u00fcfung der Robustheit...","og_url":"https:\/\/www.kromidas.de\/en\/validation\/useful\/compact-information\/ueberpruefung-der-robustheit\/","og_site_name":"Dr. Stavros Kromidas","article_modified_time":"2021-02-12T10:41:22+00:00","twitter_card":"summary_large_image","twitter_misc":{"Est. reading time":"4 minutes"},"schema":{"@context":"https:\/\/schema.org","@graph":[{"@type":"WebSite","@id":"https:\/\/www.kromidas.de\/en\/#website","url":"https:\/\/www.kromidas.de\/en\/","name":"Dr. Stavros Kromidas","description":"","potentialAction":[{"@type":"SearchAction","target":{"@type":"EntryPoint","urlTemplate":"https:\/\/www.kromidas.de\/en\/?s={search_term_string}"},"query-input":"required name=search_term_string"}],"inLanguage":"en-US"},{"@type":"WebPage","@id":"https:\/\/www.kromidas.de\/en\/validation\/useful\/compact-information\/ueberpruefung-der-robustheit\/#webpage","url":"https:\/\/www.kromidas.de\/en\/validation\/useful\/compact-information\/ueberpruefung-der-robustheit\/","name":"\u00dcberpr\u00fcfung der Robustheit - Dr. Stavros Kromidas","isPartOf":{"@id":"https:\/\/www.kromidas.de\/en\/#website"},"datePublished":"2019-11-26T12:17:05+00:00","dateModified":"2021-02-12T10:41:22+00:00","breadcrumb":{"@id":"https:\/\/www.kromidas.de\/en\/validation\/useful\/compact-information\/ueberpruefung-der-robustheit\/#breadcrumb"},"inLanguage":"en-US","potentialAction":[{"@type":"ReadAction","target":["https:\/\/www.kromidas.de\/en\/validation\/useful\/compact-information\/ueberpruefung-der-robustheit\/"]}]},{"@type":"BreadcrumbList","@id":"https:\/\/www.kromidas.de\/en\/validation\/useful\/compact-information\/ueberpruefung-der-robustheit\/#breadcrumb","itemListElement":[{"@type":"ListItem","position":1,"name":"Validation","item":"https:\/\/www.kromidas.de\/en\/validation\/"},{"@type":"ListItem","position":2,"name":"Useful","item":"https:\/\/www.kromidas.de\/en\/?page_id=2298"},{"@type":"ListItem","position":3,"name":"Compact information","item":"https:\/\/www.kromidas.de\/en\/?page_id=3963"},{"@type":"ListItem","position":4,"name":"\u00dcberpr\u00fcfung der Robustheit"}]}]}},"_links":{"self":[{"href":"https:\/\/www.kromidas.de\/en\/wp-json\/wp\/v2\/pages\/3976","targetHints":{"allow":["GET"]}}],"collection":[{"href":"https:\/\/www.kromidas.de\/en\/wp-json\/wp\/v2\/pages"}],"about":[{"href":"https:\/\/www.kromidas.de\/en\/wp-json\/wp\/v2\/types\/page"}],"author":[{"embeddable":true,"href":"https:\/\/www.kromidas.de\/en\/wp-json\/wp\/v2\/users\/1"}],"replies":[{"embeddable":true,"href":"https:\/\/www.kromidas.de\/en\/wp-json\/wp\/v2\/comments?post=3976"}],"version-history":[{"count":3,"href":"https:\/\/www.kromidas.de\/en\/wp-json\/wp\/v2\/pages\/3976\/revisions"}],"predecessor-version":[{"id":4151,"href":"https:\/\/www.kromidas.de\/en\/wp-json\/wp\/v2\/pages\/3976\/revisions\/4151"}],"up":[{"embeddable":true,"href":"https:\/\/www.kromidas.de\/en\/wp-json\/wp\/v2\/pages\/3963"}],"wp:attachment":[{"href":"https:\/\/www.kromidas.de\/en\/wp-json\/wp\/v2\/media?parent=3976"}],"curies":[{"name":"wp","href":"https:\/\/api.w.org\/{rel}","templated":true}]}}